{"id":71,"date":"2018-02-19T12:03:01","date_gmt":"2018-02-19T11:03:01","guid":{"rendered":"https:\/\/kd-zagorje.si\/wordpress\/?page_id=71"},"modified":"2025-09-23T09:20:27","modified_gmt":"2025-09-23T07:20:27","slug":"resevalni-psi","status":"publish","type":"page","link":"https:\/\/kd-zagorje.si\/wordpress\/resevalni-psi\/","title":{"rendered":"Re\u0161evalni psi"},"content":{"rendered":"<div id=\"pl-71\" class=\"panel-layout\">\n<div id=\"pg-71-0\" class=\"panel-grid panel-no-style\">\n<div id=\"pgc-71-0-0\" class=\"panel-grid-cell\" data-weight=\"1\">\n<div id=\"panel-71-0-0-0\" class=\"so-panel widget widget_text panel-first-child panel-last-child\" data-index=\"0\" data-style=\"{&quot;background_display&quot;:&quot;tile&quot;}\">\n<div class=\"textwidget\">\n<p>V na\u0161em dru\u0161tvu peljemo \u017ee dolgoletno tradicijo humanitarnega slu\u017eenja. Leta 2015 je Enota re\u0161evalnih psov Zagorje praznovala 20. obletnico obstoja in se je v ta namen preimenovala v Enoto re\u0161evalnih psov Zasavje (kraj\u0161e ERPZ), saj smo med na\u0161imi vrstami zaznali porast \u010dlanov iz vseh treh zasavskih ob\u010din. Enota je \u010dlanica slovenske krovne organizacije re\u0161evalnih psov Dru\u0161tvo enota re\u0161evalnih psov Slovenije, letno pa pomagamo organizirati tudi ve\u010d izpitov in preizku\u0161enj na dr\u017eavnem in mednarodnem nivoju. Prvoten namen enot re\u0161evalnih psov pa je re\u0161evanje ljudi v stiski.<\/p>\n<p>Vodnik re\u0161evalnega psa lahko postane:<br \/>\n\u2013 vsaka polnoletna oseba, ki ima \u017eeljo po delu s psom neglede na vreme,<br \/>\n\u2013 se rad giblje v naravi,<br \/>\n\u2013 je pripravljen \u017ertvovati svoj \u010das,<br \/>\n\u2013 rad dela v skupini,<br \/>\n\u2013 upo\u0161teva navodila vodje ali in\u0161truktorja,<br \/>\n\u2013 je kondicijsko pripravljen.<\/p>\n<p>Vodnik mora opraviti \u0161e te\u010daj in izpite, ki jih vsako leto organizira Komisija za re\u0161evalne pse pri Kinolo\u0161ki zvezi Slovenije. Po opravljenem te\u010daju vodnik osvoji znanja iz poglavij:<br \/>\n\u2013 prva pomo\u010d ponesre\u010dencu<br \/>\n\u2013 prva veterinarska pomo\u010d<br \/>\n\u2013 nevarnosti v ru\u0161evini<br \/>\n\u2013 nevarnosti v gorah in ob plazovih<br \/>\n\u2013 orientacija in topografija<br \/>\n\u2013 vrvna tehnika<br \/>\n\u2013 uporaba sistema zvez za komunikacijo ZA-RE<\/p>\n<p>In pa kot radi poudarimo vodniki: RE\u0160EVANJE NI HOBI, JE NA\u010cIN \u017dIVLJENJA!<\/p>\n<\/div>\n<\/div>\n<\/div>\n<\/div>\n<div id=\"pg-71-1\" class=\"panel-grid panel-no-style\" data-style=\"{&quot;background_display&quot;:&quot;tile&quot;,&quot;cell_alignment&quot;:&quot;flex-start&quot;}\" data-ratio=\"1\" data-ratio-direction=\"right\">\n<div id=\"pgc-71-1-0\" class=\"panel-grid-cell panel-grid-cell-empty\" data-weight=\"1\"><\/div>\n<\/div>\n<div id=\"pg-71-2\" class=\"panel-grid panel-no-style\" data-style=\"{&quot;background_display&quot;:&quot;tile&quot;,&quot;cell_alignment&quot;:&quot;flex-start&quot;}\" data-ratio=\"1\" data-ratio-direction=\"right\">\n<div id=\"pgc-71-2-0\" class=\"panel-grid-cell panel-grid-cell-empty\" data-weight=\"1\"><\/div>\n<\/div>\n<div id=\"pg-71-3\" class=\"panel-grid panel-no-style\" data-style=\"{&quot;background_display&quot;:&quot;tile&quot;,&quot;cell_alignment&quot;:&quot;flex-start&quot;}\" data-ratio=\"1\" data-ratio-direction=\"right\">\n<div id=\"pgc-71-3-0\" class=\"panel-grid-cell panel-grid-cell-empty\" data-weight=\"1\"><\/div>\n<\/div>\n<\/div>\n","protected":false},"excerpt":{"rendered":"<p>V na\u0161em dru\u0161tvu peljemo \u017ee dolgoletno tradicijo humanitarnega slu\u017eenja. Leta 2015 je Enota re\u0161evalnih psov Zagorje praznovala 20. obletnico obstoja in se je v ta namen preimenovala v Enoto re\u0161evalnih&hellip;<\/p>\n","protected":false},"author":1,"featured_media":0,"parent":0,"menu_order":0,"comment_status":"closed","ping_status":"closed","template":"","meta":{"footnotes":""},"class_list":["post-71","page","type-page","status-publish","hentry"],"_links":{"self":[{"href":"https:\/\/kd-zagorje.si\/wordpress\/wp-json\/wp\/v2\/pages\/71","targetHints":{"allow":["GET"]}}],"collection":[{"href":"https:\/\/kd-zagorje.si\/wordpress\/wp-json\/wp\/v2\/pages"}],"about":[{"href":"https:\/\/kd-zagorje.si\/wordpress\/wp-json\/wp\/v2\/types\/page"}],"author":[{"embeddable":true,"href":"https:\/\/kd-zagorje.si\/wordpress\/wp-json\/wp\/v2\/users\/1"}],"replies":[{"embeddable":true,"href":"https:\/\/kd-zagorje.si\/wordpress\/wp-json\/wp\/v2\/comments?post=71"}],"version-history":[{"count":42,"href":"https:\/\/kd-zagorje.si\/wordpress\/wp-json\/wp\/v2\/pages\/71\/revisions"}],"predecessor-version":[{"id":2526,"href":"https:\/\/kd-zagorje.si\/wordpress\/wp-json\/wp\/v2\/pages\/71\/revisions\/2526"}],"wp:attachment":[{"href":"https:\/\/kd-zagorje.si\/wordpress\/wp-json\/wp\/v2\/media?parent=71"}],"curies":[{"name":"wp","href":"https:\/\/api.w.org\/{rel}","templated":true}]}}